{"id":8,"date":"2025-07-09T16:23:29","date_gmt":"2025-07-09T16:23:29","guid":{"rendered":"https:\/\/simgra-immo.ch\/?page_id=8"},"modified":"2025-07-10T10:30:43","modified_gmt":"2025-07-10T10:30:43","slug":"about","status":"publish","type":"page","link":"https:\/\/simgra-immo.ch\/index.php\/about\/","title":{"rendered":"\u00dcber uns"},"content":{"rendered":"\n<div class=\"wp-block-cover alignfull\" style=\"min-height:600px;aspect-ratio:unset;\"><span aria-hidden=\"true\" class=\"wp-block-cover__background has-nv-light-bg-background-color has-background-dim-100 has-background-dim\"><\/span><div class=\"wp-block-cover__inner-container is-layout-flow wp-block-cover-is-layout-flow\">\n<div class=\"wp-block-media-text is-stacked-on-mobile is-vertically-aligned-center\"><figure class=\"wp-block-media-text__media\"><img loading=\"lazy\" decoding=\"async\" width=\"1024\" height=\"1024\" src=\"https:\/\/simgra-immo.ch\/wp-content\/uploads\/2025\/07\/Vermittlung-1-1024x1024.png\" alt=\"\" class=\"wp-image-76 size-full\" srcset=\"https:\/\/simgra-immo.ch\/wp-content\/uploads\/2025\/07\/Vermittlung-1-1024x1024.png 1024w, https:\/\/simgra-immo.ch\/wp-content\/uploads\/2025\/07\/Vermittlung-1-300x300.png 300w, https:\/\/simgra-immo.ch\/wp-content\/uploads\/2025\/07\/Vermittlung-1-150x150.png 150w, https:\/\/simgra-immo.ch\/wp-content\/uploads\/2025\/07\/Vermittlung-1-768x768.png 768w, https:\/\/simgra-immo.ch\/wp-content\/uploads\/2025\/07\/Vermittlung-1-1536x1536.png 1536w, https:\/\/simgra-immo.ch\/wp-content\/uploads\/2025\/07\/Vermittlung-1.png 1563w\" sizes=\"auto, (max-width: 1024px) 100vw, 1024px\" \/><\/figure><div class=\"wp-block-media-text__content\">\n<p><strong>Vermittlung von Kauf, Verkauf &#038; Miete<\/strong><\/p>\n\n\n\n<p>Ob Kauf, Verkauf oder Vermietung \u2013 wir bieten Ihnen eine vielf\u00e4ltige Auswahl an Wohn- und Gewerbeimmobilien. Dank unserer langj\u00e4hrigen Marktkenntnis finden wir das passende Objekt f\u00fcr Ihre Bed\u00fcrfnisse oder den idealen K\u00e4ufer\/Mieter f\u00fcr Ihre Immobilie.<\/p>\n\n\n\n<p><br><strong>Unsere Leistungen:<\/strong><\/p>\n\n\n\n<ul class=\"wp-block-list\">\n<li>Transparente Abwicklung von A\u2013Z<\/li>\n<\/ul>\n\n\n\n<ul class=\"wp-block-list\">\n<li>Vermittlung von Immobilien zur Miete und zum Kauf<\/li>\n<\/ul>\n\n\n\n<ul class=\"wp-block-list\">\n<li>Individuelle Beratung f\u00fcr K\u00e4ufer, Verk\u00e4ufer und Mieter<\/li>\n<\/ul>\n<\/div><\/div>\n\n\n\n<div class=\"wp-block-media-text has-media-on-the-right is-stacked-on-mobile is-vertically-aligned-center\"><div class=\"wp-block-media-text__content\">\n<p><strong>Professionelle Bausanierungen<\/strong><\/p>\n\n\n\n<p>Wir bringen Ihre Immobilie auf den neuesten Stand. Von kleinen Renovierungen bis hin zu umfassenden Sanierungen \u2013 unser erfahrenes Team sorgt f\u00fcr hochwertige Ergebnisse, termingerecht und zuverl\u00e4ssig.<\/p>\n\n\n\n<p><br><strong>Unsere Sanierungsleistungen:<\/strong><\/p>\n\n\n\n<ul class=\"wp-block-list\">\n<li>Komplettumbauten und Renovierungskonzepte<\/li>\n<\/ul>\n\n\n\n<ul class=\"wp-block-list\">\n<li>Innen- und Au\u00dfensanierungen<\/li>\n<\/ul>\n\n\n\n<ul class=\"wp-block-list\">\n<li>Modernisierungen und energetische Verbesserungen<\/li>\n<\/ul>\n<\/div><figure class=\"wp-block-media-text__media\"><img loading=\"lazy\" decoding=\"async\" width=\"1024\" height=\"1024\" src=\"https:\/\/simgra-immo.ch\/wp-content\/uploads\/2025\/07\/Bausanierungen-1024x1024.png\" alt=\"\" class=\"wp-image-49 size-full\" srcset=\"https:\/\/simgra-immo.ch\/wp-content\/uploads\/2025\/07\/Bausanierungen-1024x1024.png 1024w, https:\/\/simgra-immo.ch\/wp-content\/uploads\/2025\/07\/Bausanierungen-300x300.png 300w, https:\/\/simgra-immo.ch\/wp-content\/uploads\/2025\/07\/Bausanierungen-150x150.png 150w, https:\/\/simgra-immo.ch\/wp-content\/uploads\/2025\/07\/Bausanierungen-768x768.png 768w, https:\/\/simgra-immo.ch\/wp-content\/uploads\/2025\/07\/Bausanierungen-1536x1536.png 1536w, https:\/\/simgra-immo.ch\/wp-content\/uploads\/2025\/07\/Bausanierungen.png 1563w\" sizes=\"auto, (max-width: 1024px) 100vw, 1024px\" \/><\/figure><\/div>\n\n\n\n<div class=\"wp-block-media-text is-stacked-on-mobile is-vertically-aligned-center\"><figure class=\"wp-block-media-text__media\"><img loading=\"lazy\" decoding=\"async\" width=\"1024\" height=\"1024\" src=\"https:\/\/simgra-immo.ch\/wp-content\/uploads\/2025\/07\/bauprjekte-1024x1024.png\" alt=\"\" class=\"wp-image-52 size-full\" srcset=\"https:\/\/simgra-immo.ch\/wp-content\/uploads\/2025\/07\/bauprjekte-1024x1024.png 1024w, https:\/\/simgra-immo.ch\/wp-content\/uploads\/2025\/07\/bauprjekte-300x300.png 300w, https:\/\/simgra-immo.ch\/wp-content\/uploads\/2025\/07\/bauprjekte-150x150.png 150w, https:\/\/simgra-immo.ch\/wp-content\/uploads\/2025\/07\/bauprjekte-768x768.png 768w, https:\/\/simgra-immo.ch\/wp-content\/uploads\/2025\/07\/bauprjekte-1536x1536.png 1536w, https:\/\/simgra-immo.ch\/wp-content\/uploads\/2025\/07\/bauprjekte.png 1563w\" sizes=\"auto, (max-width: 1024px) 100vw, 1024px\" \/><\/figure><div class=\"wp-block-media-text__content\">\n<p><strong>Begleitung von Bauprojekten<\/strong><\/p>\n\n\n\n<p>Sie planen ein Bauprojekt? Wir begleiten Sie von der ersten Idee bis zur Schl\u00fcssel\u00fcbergabe. Mit einem starken Netzwerk an Fachpartnern setzen wir Ihr Bauvorhaben effizient, professionell und termingerecht um.<\/p>\n\n\n\n<p><br><strong>Unsere Projektleistungen:<\/strong><\/p>\n\n\n\n<ul class=\"wp-block-list\">\n<li>Qualit\u00e4tssicherung w\u00e4hrend aller Bauphasen<\/li>\n<\/ul>\n\n\n\n<ul class=\"wp-block-list\">\n<li>Projektentwicklung &#038; Baubetreuung<\/li>\n<\/ul>\n\n\n\n<ul class=\"wp-block-list\">\n<li>Auswahl und Koordination von Fachfirmen<\/li>\n<\/ul>\n<\/div><\/div>\n\n\n\n<div class=\"wp-block-media-text has-media-on-the-right is-stacked-on-mobile is-vertically-aligned-center\"><div class=\"wp-block-media-text__content\">\n<p><strong>Innovative Solarprojekte<\/strong><\/p>\n\n\n\n<p>Setzen Sie auf Nachhaltigkeit und Wirtschaftlichkeit. Mit unseren Solarprojekten bieten wir ma\u00dfgeschneiderte L\u00f6sungen f\u00fcr Eigent\u00fcmer, Bautr\u00e4ger und Investoren, die in erneuerbare Energien investieren m\u00f6chten.<\/p>\n\n\n\n<p><br><strong>Unsere Solardienstleistungen:<\/strong><\/p>\n\n\n\n<ul class=\"wp-block-list\">\n<li>Konzeption und Planung von Photovoltaikanlagen<\/li>\n\n\n\n<li>Integration von Solartechnik in Neubau und Bestand<\/li>\n\n\n\n<li>Betreuung von Investorenmodellen mit attraktiver Rendite<\/li>\n\n\n\n<li>Technische Begleitung und Inbetriebnahme<\/li>\n<\/ul>\n\n\n\n<p>Unsere Solarprojekte verbinden Klimaschutz mit langfristigem Mehrwert \u2013 f\u00fcr Sie, Ihre Immobilie und kommende Generationen.<\/p>\n<\/div><figure class=\"wp-block-media-text__media\"><img loading=\"lazy\" decoding=\"async\" width=\"1024\" height=\"1024\" src=\"https:\/\/simgra-immo.ch\/wp-content\/uploads\/2025\/07\/solar-1024x1024.png\" alt=\"\" class=\"wp-image-51 size-full\" srcset=\"https:\/\/simgra-immo.ch\/wp-content\/uploads\/2025\/07\/solar-1024x1024.png 1024w, https:\/\/simgra-immo.ch\/wp-content\/uploads\/2025\/07\/solar-300x300.png 300w, https:\/\/simgra-immo.ch\/wp-content\/uploads\/2025\/07\/solar-150x150.png 150w, https:\/\/simgra-immo.ch\/wp-content\/uploads\/2025\/07\/solar-768x768.png 768w, https:\/\/simgra-immo.ch\/wp-content\/uploads\/2025\/07\/solar-1536x1536.png 1536w, https:\/\/simgra-immo.ch\/wp-content\/uploads\/2025\/07\/solar.png 1563w\" sizes=\"auto, (max-width: 1024px) 100vw, 1024px\" \/><\/figure><\/div>\n\n\n\n<p class=\"has-text-align-center has-large-font-size\"><\/p>\n<\/div><\/div>\n\n\n\n<p class=\"has-text-align-center\">Simgra Immo AG, Copyright 2025, Zelgistrasse 28, 8266 Steckborn<\/p>\n","protected":false},"excerpt":{"rendered":"<p>Simgra Immo AG, Copyright 2025, Zelgistrasse 28, 8266 Steckborn<\/p>\n","protected":false},"author":1,"featured_media":0,"parent":0,"menu_order":0,"comment_status":"closed","ping_status":"closed","template":"","meta":{"neve_meta_sidebar":"","neve_meta_container":"","neve_meta_enable_content_width":"on","neve_meta_content_width":100,"neve_meta_title_alignment":"","neve_meta_author_avatar":"","neve_post_elements_order":"","neve_meta_disable_header":"","neve_meta_disable_footer":"","neve_meta_disable_title":"on","footnotes":""},"class_list":["post-8","page","type-page","status-publish","hentry"],"_links":{"self":[{"href":"https:\/\/simgra-immo.ch\/index.php\/wp-json\/wp\/v2\/pages\/8","targetHints":{"allow":["GET"]}}],"collection":[{"href":"https:\/\/simgra-immo.ch\/index.php\/wp-json\/wp\/v2\/pages"}],"about":[{"href":"https:\/\/simgra-immo.ch\/index.php\/wp-json\/wp\/v2\/types\/page"}],"author":[{"embeddable":true,"href":"https:\/\/simgra-immo.ch\/index.php\/wp-json\/wp\/v2\/users\/1"}],"replies":[{"embeddable":true,"href":"https:\/\/simgra-immo.ch\/index.php\/wp-json\/wp\/v2\/comments?post=8"}],"version-history":[{"count":6,"href":"https:\/\/simgra-immo.ch\/index.php\/wp-json\/wp\/v2\/pages\/8\/revisions"}],"predecessor-version":[{"id":86,"href":"https:\/\/simgra-immo.ch\/index.php\/wp-json\/wp\/v2\/pages\/8\/revisions\/86"}],"wp:attachment":[{"href":"https:\/\/simgra-immo.ch\/index.php\/wp-json\/wp\/v2\/media?parent=8"}],"curies":[{"name":"wp","href":"https:\/\/api.w.org\/{rel}","templated":true}]}}