{"id":7,"date":"2025-07-09T16:23:29","date_gmt":"2025-07-09T16:23:29","guid":{"rendered":"https:\/\/simgra-immo.ch\/?page_id=7"},"modified":"2025-07-10T10:30:22","modified_gmt":"2025-07-10T10:30:22","slug":"home","status":"publish","type":"page","link":"https:\/\/simgra-immo.ch\/","title":{"rendered":"Home"},"content":{"rendered":"\n<div class=\"wp-block-cover alignfull is-light\" style=\"min-height:876px;aspect-ratio:unset;\"><video class=\"wp-block-cover__video-background intrinsic-ignore\" autoplay muted loop playsinline src=\"https:\/\/simgra-immo.ch\/wp-content\/uploads\/2025\/07\/29790-377520715_small.mp4\" data-object-fit=\"cover\"><\/video><span aria-hidden=\"true\" class=\"wp-block-cover__background has-background-dim-0 has-background-dim\"><\/span><div class=\"wp-block-cover__inner-container is-layout-flow wp-block-cover-is-layout-flow\">\n<div class=\"wp-block-columns are-vertically-aligned-center is-layout-flex wp-container-core-columns-is-layout-9d6595d7 wp-block-columns-is-layout-flex\">\n<div class=\"wp-block-column is-vertically-aligned-center is-layout-flow wp-block-column-is-layout-flow\" style=\"padding-right:var(--wp--preset--spacing--20);padding-left:var(--wp--preset--spacing--20);flex-basis:65%\">\n<div style=\"height:80px\" aria-hidden=\"true\" class=\"wp-block-spacer\"><\/div>\n\n\n\n<h1 class=\"wp-block-heading has-text-align-left has-nv-text-dark-bg-color has-text-color\">Herzlich Willkommen Simgra Immo AG<\/h1>\n\n\n\n<p class=\"has-text-align-left has-nv-text-dark-bg-color has-text-color\" style=\"font-size:17px\"><strong>Ihr Partner Rund um Immobilien<\/strong><\/p>\n\n\n\n<div class=\"wp-block-buttons is-horizontal is-content-justification-left is-layout-flex wp-container-core-buttons-is-layout-7e5fce0a wp-block-buttons-is-layout-flex\">\n<div class=\"wp-block-button is-style-primary\"><a class=\"wp-block-button__link has-text-color has-background has-link-color wp-element-button\" href=\"https:\/\/simgra-immo.ch\/index.php\/about\/\" style=\"color:#0a2279;background-color:#ffffff\">\u00dcber uns<\/a><\/div>\n\n\n\n<div class=\"wp-block-button is-style-secondary\"><a class=\"wp-block-button__link has-nv-text-dark-bg-color has-text-color has-link-color wp-element-button\" href=\"https:\/\/simgra-immo.ch\/index.php\/contact\/\">Kontakt<\/a><\/div>\n<\/div>\n\n\n\n<figure class=\"wp-block-image size-full\"><img loading=\"lazy\" decoding=\"async\" width=\"1280\" height=\"1280\" src=\"https:\/\/simgra-immo.ch\/wp-content\/uploads\/2025\/07\/cooperation-8774807_1280.png\" alt=\"\" class=\"wp-image-48\" srcset=\"https:\/\/simgra-immo.ch\/wp-content\/uploads\/2025\/07\/cooperation-8774807_1280.png 1280w, https:\/\/simgra-immo.ch\/wp-content\/uploads\/2025\/07\/cooperation-8774807_1280-300x300.png 300w, https:\/\/simgra-immo.ch\/wp-content\/uploads\/2025\/07\/cooperation-8774807_1280-1024x1024.png 1024w, https:\/\/simgra-immo.ch\/wp-content\/uploads\/2025\/07\/cooperation-8774807_1280-150x150.png 150w, https:\/\/simgra-immo.ch\/wp-content\/uploads\/2025\/07\/cooperation-8774807_1280-768x768.png 768w\" sizes=\"auto, (max-width: 1280px) 100vw, 1280px\" \/><\/figure>\n\n\n\n<div style=\"height:100px\" aria-hidden=\"true\" class=\"wp-block-spacer\"><\/div>\n<\/div>\n\n\n\n<div class=\"wp-block-column is-vertically-aligned-center is-layout-flow wp-block-column-is-layout-flow\"><\/div>\n<\/div>\n<\/div><\/div>\n\n\n\n<div style=\"height:40px\" aria-hidden=\"true\" class=\"wp-block-spacer\"><\/div>\n\n\n\n<p class=\"has-text-align-center\"><strong>Immobilien &#038; Solar \u2013 alles aus einer Hand<\/strong><\/p>\n\n\n\n<p class=\"has-text-align-center\">Auf unserer Webseite finden Sie alles, was Sie f\u00fcr Ihre Immobilienpl\u00e4ne ben\u00f6tigen \u2013 und mehr. Als Ihr zuverl\u00e4ssiger Partner begleiten wir Sie kompetent bei der Vermittlung, dem Kauf, Verkauf oder der Vermietung von Wohn- und Gewerbeimmobilien.<\/p>\n\n\n\n<p class=\"has-text-align-center\">Neu bei uns: <strong>Nachhaltige Solarprojekte<\/strong>. Wir unterst\u00fctzen Eigent\u00fcmer und Investoren bei der Planung und Umsetzung moderner Photovoltaikl\u00f6sungen \u2013 direkt auf Ihrem Objekt oder als eigenst\u00e4ndige Investition.<\/p>\n\n\n\n<p class=\"has-text-align-center\">Ganz gleich, ob Sie eine neue Wohnung, ein Haus, eine Gewerbefl\u00e4che oder ein Solarprojekt suchen \u2013 wir sind an Ihrer Seite. Pers\u00f6nlich. Transparent. Zukunftsorientiert.<\/p>\n\n\n\n<div class=\"wp-block-columns is-layout-flex wp-container-core-columns-is-layout-9d6595d7 wp-block-columns-is-layout-flex\">\n<div class=\"wp-block-column neve-duotone is-layout-flow wp-block-column-is-layout-flow\" style=\"padding-right:var(--wp--preset--spacing--30);padding-left:var(--wp--preset--spacing--30)\"><div class=\"wp-block-image icon-style is-style-default wp-duotone-unset-1\">\n<figure class=\"aligncenter size-full has-custom-border\"><img loading=\"lazy\" decoding=\"async\" width=\"1563\" height=\"1563\" src=\"https:\/\/simgra-immo.ch\/wp-content\/uploads\/2025\/07\/Vermittlung.png\" alt=\"\" class=\"wp-image-50\" style=\"border-radius:0px\" title=\"\" srcset=\"https:\/\/simgra-immo.ch\/wp-content\/uploads\/2025\/07\/Vermittlung.png 1563w, https:\/\/simgra-immo.ch\/wp-content\/uploads\/2025\/07\/Vermittlung-300x300.png 300w, https:\/\/simgra-immo.ch\/wp-content\/uploads\/2025\/07\/Vermittlung-1024x1024.png 1024w, https:\/\/simgra-immo.ch\/wp-content\/uploads\/2025\/07\/Vermittlung-150x150.png 150w, https:\/\/simgra-immo.ch\/wp-content\/uploads\/2025\/07\/Vermittlung-768x768.png 768w, https:\/\/simgra-immo.ch\/wp-content\/uploads\/2025\/07\/Vermittlung-1536x1536.png 1536w\" sizes=\"auto, (max-width: 1563px) 100vw, 1563px\" \/><\/figure>\n<\/div>\n\n\n<div style=\"height:16px\" aria-hidden=\"true\" class=\"wp-block-spacer\"><\/div>\n\n\n\n<h3 class=\"wp-block-heading has-text-align-center has-neve-text-color-color has-text-color\">Vermittlung von Kauf, Verkauf &#038; Miete<\/h3>\n\n\n\n<p class=\"has-text-align-center\">Wir vermitteln Wohnungen, H\u00e4user und Gewerbeimmobilien \u2013 zuverl\u00e4ssig, transparent und pers\u00f6nlich.<\/p>\n\n\n\n<div style=\"height:20px\" aria-hidden=\"true\" class=\"wp-block-spacer\"><\/div>\n<\/div>\n\n\n\n<div class=\"wp-block-column is-layout-flow wp-block-column-is-layout-flow\" style=\"padding-right:var(--wp--preset--spacing--30);padding-left:var(--wp--preset--spacing--30)\"><div class=\"wp-block-image icon-style is-style-default\">\n<figure class=\"aligncenter size-full has-custom-border\"><img loading=\"lazy\" decoding=\"async\" width=\"1563\" height=\"1563\" src=\"https:\/\/simgra-immo.ch\/wp-content\/uploads\/2025\/07\/Bausanierungen.png\" alt=\"\" class=\"wp-image-49\" style=\"border-radius:0px\" title=\"\" srcset=\"https:\/\/simgra-immo.ch\/wp-content\/uploads\/2025\/07\/Bausanierungen.png 1563w, https:\/\/simgra-immo.ch\/wp-content\/uploads\/2025\/07\/Bausanierungen-300x300.png 300w, https:\/\/simgra-immo.ch\/wp-content\/uploads\/2025\/07\/Bausanierungen-1024x1024.png 1024w, https:\/\/simgra-immo.ch\/wp-content\/uploads\/2025\/07\/Bausanierungen-150x150.png 150w, https:\/\/simgra-immo.ch\/wp-content\/uploads\/2025\/07\/Bausanierungen-768x768.png 768w, https:\/\/simgra-immo.ch\/wp-content\/uploads\/2025\/07\/Bausanierungen-1536x1536.png 1536w\" sizes=\"auto, (max-width: 1563px) 100vw, 1563px\" \/><\/figure>\n<\/div>\n\n\n<div style=\"height:16px\" aria-hidden=\"true\" class=\"wp-block-spacer\"><\/div>\n\n\n\n<h3 class=\"wp-block-heading has-text-align-center has-neve-text-color-color has-text-color\">Professionelle Bausanierungen<\/h3>\n\n\n\n<p class=\"has-text-align-center\">Ob Renovierung, Modernisierung oder Komplettsanierung \u2013 wir bringen Ihre Immobilie auf den neuesten Stand.<\/p>\n\n\n\n<div style=\"height:20px\" aria-hidden=\"true\" class=\"wp-block-spacer\"><\/div>\n<\/div>\n\n\n\n<div class=\"wp-block-column is-layout-flow wp-block-column-is-layout-flow\" style=\"padding-right:var(--wp--preset--spacing--30);padding-left:var(--wp--preset--spacing--30)\"><div class=\"wp-block-image icon-style is-style-default wp-duotone-unset-2\">\n<figure class=\"aligncenter size-full has-custom-border\"><img loading=\"lazy\" decoding=\"async\" width=\"1563\" height=\"1563\" src=\"https:\/\/simgra-immo.ch\/wp-content\/uploads\/2025\/07\/bauprjekte.png\" alt=\"\" class=\"wp-image-52\" style=\"border-radius:0px\" title=\"\" srcset=\"https:\/\/simgra-immo.ch\/wp-content\/uploads\/2025\/07\/bauprjekte.png 1563w, https:\/\/simgra-immo.ch\/wp-content\/uploads\/2025\/07\/bauprjekte-300x300.png 300w, https:\/\/simgra-immo.ch\/wp-content\/uploads\/2025\/07\/bauprjekte-1024x1024.png 1024w, https:\/\/simgra-immo.ch\/wp-content\/uploads\/2025\/07\/bauprjekte-150x150.png 150w, https:\/\/simgra-immo.ch\/wp-content\/uploads\/2025\/07\/bauprjekte-768x768.png 768w, https:\/\/simgra-immo.ch\/wp-content\/uploads\/2025\/07\/bauprjekte-1536x1536.png 1536w\" sizes=\"auto, (max-width: 1563px) 100vw, 1563px\" \/><\/figure>\n<\/div>\n\n\n<div style=\"height:16px\" aria-hidden=\"true\" class=\"wp-block-spacer\"><\/div>\n\n\n\n<h3 class=\"wp-block-heading has-text-align-center has-neve-text-color-color has-text-color\">Begleitung von Bauprojekten<\/h3>\n\n\n\n<p class=\"has-text-align-center\">Von der Planung bis zur Fertigstellung begleiten wir Ihr Bauvorhaben professionell und termingerecht.<\/p>\n\n\n\n<div style=\"height:20px\" aria-hidden=\"true\" class=\"wp-block-spacer\"><\/div>\n<\/div>\n\n\n\n<div class=\"wp-block-column is-layout-flow wp-block-column-is-layout-flow\" style=\"padding-right:var(--wp--preset--spacing--30);padding-left:var(--wp--preset--spacing--30)\"><div class=\"wp-block-image icon-style is-style-default wp-duotone-unset-3\">\n<figure class=\"aligncenter size-full has-custom-border\"><img loading=\"lazy\" decoding=\"async\" width=\"1563\" height=\"1563\" src=\"https:\/\/simgra-immo.ch\/wp-content\/uploads\/2025\/07\/solar.png\" alt=\"\" class=\"wp-image-51\" style=\"border-radius:0px\" title=\"\" srcset=\"https:\/\/simgra-immo.ch\/wp-content\/uploads\/2025\/07\/solar.png 1563w, https:\/\/simgra-immo.ch\/wp-content\/uploads\/2025\/07\/solar-300x300.png 300w, https:\/\/simgra-immo.ch\/wp-content\/uploads\/2025\/07\/solar-1024x1024.png 1024w, https:\/\/simgra-immo.ch\/wp-content\/uploads\/2025\/07\/solar-150x150.png 150w, https:\/\/simgra-immo.ch\/wp-content\/uploads\/2025\/07\/solar-768x768.png 768w, https:\/\/simgra-immo.ch\/wp-content\/uploads\/2025\/07\/solar-1536x1536.png 1536w\" sizes=\"auto, (max-width: 1563px) 100vw, 1563px\" \/><\/figure>\n<\/div>\n\n\n<div style=\"height:16px\" aria-hidden=\"true\" class=\"wp-block-spacer\"><\/div>\n\n\n\n<h3 class=\"wp-block-heading has-text-align-center has-neve-text-color-color has-text-color\">Innovative Solarprojekte<\/h3>\n\n\n\n<p class=\"has-text-align-center\">Nachhaltige Photovoltaikl\u00f6sungen f\u00fcr Neubau, Bestandsobjekte und Investoren \u2013 effizient, wirtschaftlich, zukunftsorientiert.<\/p>\n\n\n\n<div style=\"height:20px\" aria-hidden=\"true\" class=\"wp-block-spacer\"><\/div>\n<\/div>\n<\/div>\n\n\n\n<div class=\"wp-block-buttons is-content-justification-center is-layout-flex wp-container-core-buttons-is-layout-16018d1d wp-block-buttons-is-layout-flex\">\n<div class=\"wp-block-button\"><a class=\"wp-block-button__link wp-element-button\" href=\"https:\/\/simgra-immo.ch\/index.php\/about\/\">unsere Dienstleistungen<\/a><\/div>\n<\/div>\n\n\n\n<div class=\"wp-block-cover aligncenter\" style=\"min-height:600px;aspect-ratio:unset;\"><span aria-hidden=\"true\" class=\"wp-block-cover__background has-nv-site-bg-background-color has-background-dim-100 has-background-dim\"><\/span><div class=\"wp-block-cover__inner-container is-layout-flow wp-block-cover-is-layout-flow\">\n<iframe src=\"https:\/\/www.google.com\/maps\/embed?pb=!1m18!1m12!1m3!1d2687.142802039119!2d8.976340276702235!3d47.66222218413439!2m3!1f0!2f0!3f0!3m2!1i1024!2i768!4f13.1!3m3!1m2!1s0x479a8b76fc168deb%3A0xd75ece5e1a40b8b8!2sZelgistrasse%2028%2C%208266%20Steckborn!5e0!3m2!1sde!2sch!4v1752080980352!5m2!1sde!2sch\" width=\"600\" height=\"450\" style=\"border:0;\" allowfullscreen=\"\" loading=\"lazy\" referrerpolicy=\"no-referrer-when-downgrade\"><\/iframe>\n\n\n\n<p class=\"has-text-align-center has-large-font-size\"><\/p>\n<\/div><\/div>\n\n\n\n<p class=\"has-text-align-center\">Simgra Immo AG, Copyright 2025, Zelgistrasse 28, 8266 Steckborn<\/p>\n\n\n\n<div class=\"wp-block-buttons is-layout-flex wp-block-buttons-is-layout-flex\"><\/div>\n","protected":false},"excerpt":{"rendered":"<p>Immobilien &#038; Solar \u2013 alles aus einer Hand Auf unserer Webseite finden Sie alles, was Sie f\u00fcr Ihre Immobilienpl\u00e4ne ben\u00f6tigen \u2013 und mehr. Als Ihr zuverl\u00e4ssiger Partner begleiten wir Sie kompetent bei der Vermittlung, dem Kauf, Verkauf oder der Vermietung von Wohn- und Gewerbeimmobilien. Neu bei uns: Nachhaltige Solarprojekte. Wir unterst\u00fctzen Eigent\u00fcmer und Investoren bei&hellip;&nbsp;<a href=\"https:\/\/simgra-immo.ch\/\" rel=\"bookmark\"><span class=\"screen-reader-text\">Home<\/span><\/a><\/p>\n","protected":false},"author":1,"featured_media":0,"parent":0,"menu_order":0,"comment_status":"closed","ping_status":"closed","template":"","meta":{"neve_meta_sidebar":"","neve_meta_container":"","neve_meta_enable_content_width":"on","neve_meta_content_width":100,"neve_meta_title_alignment":"","neve_meta_author_avatar":"","neve_post_elements_order":"","neve_meta_disable_header":"","neve_meta_disable_footer":"","neve_meta_disable_title":"on","footnotes":""},"class_list":["post-7","page","type-page","status-publish","hentry"],"_links":{"self":[{"href":"https:\/\/simgra-immo.ch\/index.php\/wp-json\/wp\/v2\/pages\/7","targetHints":{"allow":["GET"]}}],"collection":[{"href":"https:\/\/simgra-immo.ch\/index.php\/wp-json\/wp\/v2\/pages"}],"about":[{"href":"https:\/\/simgra-immo.ch\/index.php\/wp-json\/wp\/v2\/types\/page"}],"author":[{"embeddable":true,"href":"https:\/\/simgra-immo.ch\/index.php\/wp-json\/wp\/v2\/users\/1"}],"replies":[{"embeddable":true,"href":"https:\/\/simgra-immo.ch\/index.php\/wp-json\/wp\/v2\/comments?post=7"}],"version-history":[{"count":19,"href":"https:\/\/simgra-immo.ch\/index.php\/wp-json\/wp\/v2\/pages\/7\/revisions"}],"predecessor-version":[{"id":85,"href":"https:\/\/simgra-immo.ch\/index.php\/wp-json\/wp\/v2\/pages\/7\/revisions\/85"}],"wp:attachment":[{"href":"https:\/\/simgra-immo.ch\/index.php\/wp-json\/wp\/v2\/media?parent=7"}],"curies":[{"name":"wp","href":"https:\/\/api.w.org\/{rel}","templated":true}]}}